{"id":43,"date":"2020-09-22T09:23:13","date_gmt":"2020-09-22T07:23:13","guid":{"rendered":"http:\/\/holisticpinup.com\/?page_id=43"},"modified":"2021-02-16T10:18:57","modified_gmt":"2021-02-16T09:18:57","slug":"a-propos","status":"publish","type":"page","link":"https:\/\/holisticpinup.com\/index.php\/a-propos\/","title":{"rendered":"\u00c0 Propos"},"content":{"rendered":"\n<p>Bienvenue! Moi c&rsquo;est Matou, parisienne passionn\u00e9e par l&rsquo;esth\u00e9tique \u00ab\u00a0Pin-Up\u00a0\u00bb. Toujours la t\u00eate dans mes carnets, je partage avec vous mes exp\u00e9riences et mes aventures, en qu\u00eate d&rsquo;une vie plus harmonieuse et cr\u00e9ative.<\/p>\n\n\n\n<p>Quelques faits rigolos sur moi:<\/p>\n\n\n\n<ul class=\"wp-block-list\"><li>J&rsquo;ai une sacr\u00e9e collection de pap\u00e8terie et de cartes oracles<\/li><li>Je suis m\u00e9tisse r\u00e9unionnaise par ma m\u00e8re<\/li><li>J&rsquo;ai v\u00e9cu plusieurs ann\u00e9es \u00e0 l&rsquo;\u00e9tranger, \u00e0 New York, \u00e0 Anc\u00f4na, \u00e0 Nottingham et \u00e0 Istanbul, qui reste ma ville de c\u0153ur<\/li><li>Gourmande contrari\u00e9e par le SII, j&rsquo;apprends \u00e0 apprivoiser mon ventre sensible<\/li><li>Autre p\u00each\u00e9 mignon: tout ce qui est luxueux, c&rsquo;est aussi le secteur dans lequel je travaille<\/li><li>Je fais de la danse, du tricot et de la couture<\/li><\/ul>\n\n\n\n<div class=\"wp-block-image\"><figure class=\"aligncenter size-medium\"><img loading=\"lazy\" decoding=\"async\" width=\"300\" height=\"300\" src=\"https:\/\/holisticpinup.com\/wp-content\/uploads\/2020\/09\/IMG_20200921_174044_420-1-300x300.jpg\" alt=\"\" class=\"wp-image-47\" srcset=\"https:\/\/holisticpinup.com\/wp-content\/uploads\/2020\/09\/IMG_20200921_174044_420-1-300x300.jpg 300w, https:\/\/holisticpinup.com\/wp-content\/uploads\/2020\/09\/IMG_20200921_174044_420-1-1024x1024.jpg 1024w, https:\/\/holisticpinup.com\/wp-content\/uploads\/2020\/09\/IMG_20200921_174044_420-1-150x150.jpg 150w, https:\/\/holisticpinup.com\/wp-content\/uploads\/2020\/09\/IMG_20200921_174044_420-1-768x768.jpg 768w, https:\/\/holisticpinup.com\/wp-content\/uploads\/2020\/09\/IMG_20200921_174044_420-1-1536x1536.jpg 1536w, https:\/\/holisticpinup.com\/wp-content\/uploads\/2020\/09\/IMG_20200921_174044_420-1-2048x2048.jpg 2048w, https:\/\/holisticpinup.com\/wp-content\/uploads\/2020\/09\/IMG_20200921_174044_420-1-435x435.jpg 435w, https:\/\/holisticpinup.com\/wp-content\/uploads\/2020\/09\/IMG_20200921_174044_420-1-60x60.jpg 60w\" sizes=\"auto, (max-width: 300px) 100vw, 300px\" \/><\/figure><\/div>\n","protected":false},"excerpt":{"rendered":"<p>Bienvenue! Moi c&rsquo;est Matou, parisienne passionn\u00e9e par l&rsquo;esth\u00e9tique \u00ab\u00a0Pin-Up\u00a0\u00bb. Toujours la t\u00eate dans mes carnets, je partage avec vous mes exp\u00e9riences et mes aventures, en qu\u00eate d&rsquo;une vie plus harmonieuse et cr\u00e9ative. Quelques faits rigolos sur moi: J&rsquo;ai une sacr\u00e9e collection de pap\u00e8terie et de cartes oracles Je suis m\u00e9tisse r\u00e9unionnaise par ma m\u00e8re J&rsquo;ai &hellip; <\/p>\n","protected":false},"author":1,"featured_media":0,"parent":0,"menu_order":0,"comment_status":"closed","ping_status":"closed","template":"","meta":{"footnotes":""},"class_list":["post-43","page","type-page","status-publish","hentry"],"yoast_head":"<!-- This site is optimized with the Yoast SEO plugin v27.5 - https:\/\/yoast.com\/product\/yoast-seo-wordpress\/ -->\n<title>\u00c0 Propos - Holistic Pin-Up<\/title>\n<meta name=\"robots\" content=\"index, follow, max-snippet:-1, max-image-preview:large, max-video-preview:-1\" \/>\n<link rel=\"canonical\" href=\"https:\/\/holisticpinup.com\/index.php\/a-propos\/\" \/>\n<meta property=\"og:locale\" content=\"fr_FR\" \/>\n<meta property=\"og:type\" content=\"article\" \/>\n<meta property=\"og:title\" content=\"\u00c0 Propos - Holistic Pin-Up\" \/>\n<meta property=\"og:description\" content=\"Bienvenue! Moi c&rsquo;est Matou, parisienne passionn\u00e9e par l&rsquo;esth\u00e9tique \u00ab\u00a0Pin-Up\u00a0\u00bb. Toujours la t\u00eate dans mes carnets, je partage avec vous mes exp\u00e9riences et mes aventures, en qu\u00eate d&rsquo;une vie plus harmonieuse et cr\u00e9ative. Quelques faits rigolos sur moi: J&rsquo;ai une sacr\u00e9e collection de pap\u00e8terie et de cartes oracles Je suis m\u00e9tisse r\u00e9unionnaise par ma m\u00e8re J&rsquo;ai &hellip;\" \/>\n<meta property=\"og:url\" content=\"https:\/\/holisticpinup.com\/index.php\/a-propos\/\" \/>\n<meta property=\"og:site_name\" content=\"Holistic Pin-Up\" \/>\n<meta property=\"article:modified_time\" content=\"2021-02-16T09:18:57+00:00\" \/>\n<meta property=\"og:image\" content=\"https:\/\/holisticpinup.com\/wp-content\/uploads\/2020\/09\/IMG_20200921_174044_420-1-300x300.jpg\" \/>\n<meta name=\"twitter:card\" content=\"summary_large_image\" \/>\n<meta name=\"twitter:label1\" content=\"Dur\u00e9e de lecture estim\u00e9e\" \/>\n\t<meta name=\"twitter:data1\" content=\"1 minute\" \/>\n<script type=\"application\/ld+json\" class=\"yoast-schema-graph\">{\"@context\":\"https:\\\/\\\/schema.org\",\"@graph\":[{\"@type\":\"WebPage\",\"@id\":\"https:\\\/\\\/holisticpinup.com\\\/index.php\\\/a-propos\\\/\",\"url\":\"https:\\\/\\\/holisticpinup.com\\\/index.php\\\/a-propos\\\/\",\"name\":\"\u00c0 Propos - Holistic Pin-Up\",\"isPartOf\":{\"@id\":\"https:\\\/\\\/holisticpinup.com\\\/#website\"},\"primaryImageOfPage\":{\"@id\":\"https:\\\/\\\/holisticpinup.com\\\/index.php\\\/a-propos\\\/#primaryimage\"},\"image\":{\"@id\":\"https:\\\/\\\/holisticpinup.com\\\/index.php\\\/a-propos\\\/#primaryimage\"},\"thumbnailUrl\":\"https:\\\/\\\/holisticpinup.com\\\/wp-content\\\/uploads\\\/2020\\\/09\\\/IMG_20200921_174044_420-1-300x300.jpg\",\"datePublished\":\"2020-09-22T07:23:13+00:00\",\"dateModified\":\"2021-02-16T09:18:57+00:00\",\"breadcrumb\":{\"@id\":\"https:\\\/\\\/holisticpinup.com\\\/index.php\\\/a-propos\\\/#breadcrumb\"},\"inLanguage\":\"fr-FR\",\"potentialAction\":[{\"@type\":\"ReadAction\",\"target\":[\"https:\\\/\\\/holisticpinup.com\\\/index.php\\\/a-propos\\\/\"]}]},{\"@type\":\"ImageObject\",\"inLanguage\":\"fr-FR\",\"@id\":\"https:\\\/\\\/holisticpinup.com\\\/index.php\\\/a-propos\\\/#primaryimage\",\"url\":\"https:\\\/\\\/holisticpinup.com\\\/wp-content\\\/uploads\\\/2020\\\/09\\\/IMG_20200921_174044_420-1.jpg\",\"contentUrl\":\"https:\\\/\\\/holisticpinup.com\\\/wp-content\\\/uploads\\\/2020\\\/09\\\/IMG_20200921_174044_420-1.jpg\",\"width\":2268,\"height\":2268},{\"@type\":\"BreadcrumbList\",\"@id\":\"https:\\\/\\\/holisticpinup.com\\\/index.php\\\/a-propos\\\/#breadcrumb\",\"itemListElement\":[{\"@type\":\"ListItem\",\"position\":1,\"name\":\"Accueil\",\"item\":\"https:\\\/\\\/holisticpinup.com\\\/\"},{\"@type\":\"ListItem\",\"position\":2,\"name\":\"\u00c0 Propos\"}]},{\"@type\":\"WebSite\",\"@id\":\"https:\\\/\\\/holisticpinup.com\\\/#website\",\"url\":\"https:\\\/\\\/holisticpinup.com\\\/\",\"name\":\"Holistic Pin-Up\",\"description\":\"Glamour &amp; Bien-\u00catre\",\"publisher\":{\"@id\":\"https:\\\/\\\/holisticpinup.com\\\/#organization\"},\"potentialAction\":[{\"@type\":\"SearchAction\",\"target\":{\"@type\":\"EntryPoint\",\"urlTemplate\":\"https:\\\/\\\/holisticpinup.com\\\/?s={search_term_string}\"},\"query-input\":{\"@type\":\"PropertyValueSpecification\",\"valueRequired\":true,\"valueName\":\"search_term_string\"}}],\"inLanguage\":\"fr-FR\"},{\"@type\":\"Organization\",\"@id\":\"https:\\\/\\\/holisticpinup.com\\\/#organization\",\"name\":\"Holistic Pin-Up\",\"url\":\"https:\\\/\\\/holisticpinup.com\\\/\",\"logo\":{\"@type\":\"ImageObject\",\"inLanguage\":\"fr-FR\",\"@id\":\"https:\\\/\\\/holisticpinup.com\\\/#\\\/schema\\\/logo\\\/image\\\/\",\"url\":\"https:\\\/\\\/holisticpinup.com\\\/wp-content\\\/uploads\\\/2020\\\/11\\\/cropped-20201122_111503_0000.png\",\"contentUrl\":\"https:\\\/\\\/holisticpinup.com\\\/wp-content\\\/uploads\\\/2020\\\/11\\\/cropped-20201122_111503_0000.png\",\"width\":2059,\"height\":560,\"caption\":\"Holistic Pin-Up\"},\"image\":{\"@id\":\"https:\\\/\\\/holisticpinup.com\\\/#\\\/schema\\\/logo\\\/image\\\/\"}}]}<\/script>\n<!-- \/ Yoast SEO plugin. -->","yoast_head_json":{"title":"\u00c0 Propos - Holistic Pin-Up","robots":{"index":"index","follow":"follow","max-snippet":"max-snippet:-1","max-image-preview":"max-image-preview:large","max-video-preview":"max-video-preview:-1"},"canonical":"https:\/\/holisticpinup.com\/index.php\/a-propos\/","og_locale":"fr_FR","og_type":"article","og_title":"\u00c0 Propos - Holistic Pin-Up","og_description":"Bienvenue! Moi c&rsquo;est Matou, parisienne passionn\u00e9e par l&rsquo;esth\u00e9tique \u00ab\u00a0Pin-Up\u00a0\u00bb. Toujours la t\u00eate dans mes carnets, je partage avec vous mes exp\u00e9riences et mes aventures, en qu\u00eate d&rsquo;une vie plus harmonieuse et cr\u00e9ative. Quelques faits rigolos sur moi: J&rsquo;ai une sacr\u00e9e collection de pap\u00e8terie et de cartes oracles Je suis m\u00e9tisse r\u00e9unionnaise par ma m\u00e8re J&rsquo;ai &hellip;","og_url":"https:\/\/holisticpinup.com\/index.php\/a-propos\/","og_site_name":"Holistic Pin-Up","article_modified_time":"2021-02-16T09:18:57+00:00","og_image":[{"url":"https:\/\/holisticpinup.com\/wp-content\/uploads\/2020\/09\/IMG_20200921_174044_420-1-300x300.jpg","type":"","width":"","height":""}],"twitter_card":"summary_large_image","twitter_misc":{"Dur\u00e9e de lecture estim\u00e9e":"1 minute"},"schema":{"@context":"https:\/\/schema.org","@graph":[{"@type":"WebPage","@id":"https:\/\/holisticpinup.com\/index.php\/a-propos\/","url":"https:\/\/holisticpinup.com\/index.php\/a-propos\/","name":"\u00c0 Propos - Holistic Pin-Up","isPartOf":{"@id":"https:\/\/holisticpinup.com\/#website"},"primaryImageOfPage":{"@id":"https:\/\/holisticpinup.com\/index.php\/a-propos\/#primaryimage"},"image":{"@id":"https:\/\/holisticpinup.com\/index.php\/a-propos\/#primaryimage"},"thumbnailUrl":"https:\/\/holisticpinup.com\/wp-content\/uploads\/2020\/09\/IMG_20200921_174044_420-1-300x300.jpg","datePublished":"2020-09-22T07:23:13+00:00","dateModified":"2021-02-16T09:18:57+00:00","breadcrumb":{"@id":"https:\/\/holisticpinup.com\/index.php\/a-propos\/#breadcrumb"},"inLanguage":"fr-FR","potentialAction":[{"@type":"ReadAction","target":["https:\/\/holisticpinup.com\/index.php\/a-propos\/"]}]},{"@type":"ImageObject","inLanguage":"fr-FR","@id":"https:\/\/holisticpinup.com\/index.php\/a-propos\/#primaryimage","url":"https:\/\/holisticpinup.com\/wp-content\/uploads\/2020\/09\/IMG_20200921_174044_420-1.jpg","contentUrl":"https:\/\/holisticpinup.com\/wp-content\/uploads\/2020\/09\/IMG_20200921_174044_420-1.jpg","width":2268,"height":2268},{"@type":"BreadcrumbList","@id":"https:\/\/holisticpinup.com\/index.php\/a-propos\/#breadcrumb","itemListElement":[{"@type":"ListItem","position":1,"name":"Accueil","item":"https:\/\/holisticpinup.com\/"},{"@type":"ListItem","position":2,"name":"\u00c0 Propos"}]},{"@type":"WebSite","@id":"https:\/\/holisticpinup.com\/#website","url":"https:\/\/holisticpinup.com\/","name":"Holistic Pin-Up","description":"Glamour &amp; Bien-\u00catre","publisher":{"@id":"https:\/\/holisticpinup.com\/#organization"},"potentialAction":[{"@type":"SearchAction","target":{"@type":"EntryPoint","urlTemplate":"https:\/\/holisticpinup.com\/?s={search_term_string}"},"query-input":{"@type":"PropertyValueSpecification","valueRequired":true,"valueName":"search_term_string"}}],"inLanguage":"fr-FR"},{"@type":"Organization","@id":"https:\/\/holisticpinup.com\/#organization","name":"Holistic Pin-Up","url":"https:\/\/holisticpinup.com\/","logo":{"@type":"ImageObject","inLanguage":"fr-FR","@id":"https:\/\/holisticpinup.com\/#\/schema\/logo\/image\/","url":"https:\/\/holisticpinup.com\/wp-content\/uploads\/2020\/11\/cropped-20201122_111503_0000.png","contentUrl":"https:\/\/holisticpinup.com\/wp-content\/uploads\/2020\/11\/cropped-20201122_111503_0000.png","width":2059,"height":560,"caption":"Holistic Pin-Up"},"image":{"@id":"https:\/\/holisticpinup.com\/#\/schema\/logo\/image\/"}}]}},"_links":{"self":[{"href":"https:\/\/holisticpinup.com\/index.php\/wp-json\/wp\/v2\/pages\/43","targetHints":{"allow":["GET"]}}],"collection":[{"href":"https:\/\/holisticpinup.com\/index.php\/wp-json\/wp\/v2\/pages"}],"about":[{"href":"https:\/\/holisticpinup.com\/index.php\/wp-json\/wp\/v2\/types\/page"}],"author":[{"embeddable":true,"href":"https:\/\/holisticpinup.com\/index.php\/wp-json\/wp\/v2\/users\/1"}],"replies":[{"embeddable":true,"href":"https:\/\/holisticpinup.com\/index.php\/wp-json\/wp\/v2\/comments?post=43"}],"version-history":[{"count":4,"href":"https:\/\/holisticpinup.com\/index.php\/wp-json\/wp\/v2\/pages\/43\/revisions"}],"predecessor-version":[{"id":147,"href":"https:\/\/holisticpinup.com\/index.php\/wp-json\/wp\/v2\/pages\/43\/revisions\/147"}],"wp:attachment":[{"href":"https:\/\/holisticpinup.com\/index.php\/wp-json\/wp\/v2\/media?parent=43"}],"curies":[{"name":"wp","href":"https:\/\/api.w.org\/{rel}","templated":true}]}}